{"id":6149,"date":"2021-03-29T22:00:45","date_gmt":"2021-03-29T22:00:45","guid":{"rendered":"https:\/\/www.gynoidwebworks.pt\/agency\/index.php\/precos\/"},"modified":"2021-03-29T22:01:13","modified_gmt":"2021-03-29T22:01:13","slug":"precos","status":"publish","type":"page","link":"https:\/\/www.icerock-sportsconsulting.com\/index.php\/precos\/","title":{"rendered":"Pre\u00e7os"},"content":{"rendered":"[vc_row type=&#8221;full_width_background&#8221; bg_position=&#8221;left top&#8221; bg_repeat=&#8221;no-repeat&#8221; parallax_bg_speed=&#8221;slow&#8221; scene_position=&#8221;center&#8221; text_color=&#8221;dark&#8221; text_align=&#8221;left&#8221; top_padding=&#8221;4%&#8221; bottom_padding=&#8221;7%&#8221;][vc_column width=&#8221;1\/1&#8243;][pricing_table columns=&#8221;3&#8243; style=&#8221;flat-alternative&#8221;][pricing_column title=&#8221;Gr\u00e1tis&#8221; price=&#8221;0.00&#8243; currency_symbol=&#8221;$&#8221; interval=&#8221;Por m\u00eas&#8221; id=&#8221;1435950853864-5&#8243; tab_id=&#8221;1435950853865-3&#8243; color=&#8221;Extra-Color-1&#8243;]\n<ul class=\"features\">\n<li><i class=\"icon-tiny fa fa-check extra-color-1\"><\/i>  Dom\u00ednio personalizado<\/li>\n<li><del><i class=\"icon-tiny fa fa-check extra-color-1\"><\/i>  Apoio ao Cliente 24\/7<\/del><\/li>\n<li><del><i class=\"icon-tiny fa fa-check extra-color-1\"><\/i>  M\u00eas de Largura de Banda Gr\u00e1tis<\/del><\/li>\n<li><del><i class=\"icon-tiny fa fa-check extra-color-1\"><\/i>  Configura\u00e7\u00e3o gratuita wordPress<\/del><\/li>\n<li><del><i class=\"icon-tiny fa fa-check extra-color-1\"><\/i>  Bolo entregue diariamente<\/del><\/li>\n<\/ul>\n<a class=\"nectar-button n-sc-button large see-through has-icon\"  href=\"#\" data-color-override=\"#3a6ee8\" data-hover-color-override=\"false\" data-hover-text-color-override=\"#fff\"><span>Get Free<\/span><i class=\"icon-button-arrow\"><\/i><\/a>[\/pricing_column][pricing_column title=&#8221;Mais&#8221; price=&#8221;7.99&#8243; currency_symbol=&#8221;$&#8221; interval=&#8221;Por m\u00eas&#8221; id=&#8221;1435950853864-2&#8243; tab_id=&#8221;1435950853865-2&#8243; color=&#8221;Extra-Color-2&#8243;]\n<ul class=\"features\">\n<li><i class=\"icon-tiny fa fa-check extra-color-2\"><\/i>  Dom\u00ednio personalizado<\/li>\n<li><i class=\"icon-tiny fa fa-check extra-color-2\"><\/i>  Apoio ao Cliente 24\/7<\/li>\n<li><i class=\"icon-tiny fa fa-check extra-color-2\"><\/i>  M\u00eas de Largura de Banda Gr\u00e1tis<\/li>\n<li><del><i class=\"icon-tiny fa fa-check extra-color-2\"><\/i>  Configura\u00e7\u00e3o gratuita wordPress<\/del><\/li>\n<li><del><i class=\"icon-tiny fa fa-check extra-color-2\"><\/i>  Bolo entregue diariamente<\/del><\/li>\n<\/ul>\n<a class=\"nectar-button n-sc-button large see-through has-icon\"  href=\"#\" data-color-override=\"#fd0025\" data-hover-color-override=\"false\" data-hover-text-color-override=\"#fff\"><span>Sign Up Now<\/span><i class=\"icon-button-arrow\"><\/i><\/a>[\/pricing_column][pricing_column title=&#8221;Premium&#8221; highlight=&#8221;true&#8221; highlight_reason=&#8221;Recommended&#8221; color=&#8221;Accent-Color&#8221; price=&#8221;19.99&#8243; currency_symbol=&#8221;$&#8221; interval=&#8221;Por m\u00eas&#8221; id=&#8221;1435950853953-5&#8243; tab_id=&#8221;1435950853954-0&#8243;]\n<ul class=\"features\">\n<li><i class=\"icon-tiny fa fa-check accent-color\"><\/i>  Dom\u00ednio personalizado<\/li>\n<li><i class=\"icon-tiny fa fa-check accent-color\"><\/i>  Apoio ao Cliente 24\/7<\/li>\n<li><i class=\"icon-tiny fa fa-check accent-color\"><\/i>  M\u00eas de Largura de Banda Gr\u00e1tis<\/li>\n<li><i class=\"icon-tiny fa fa-check accent-color\"><\/i>  Configura\u00e7\u00e3o gratuita wordPress<\/li>\n<li><i class=\"icon-tiny fa fa-check accent-color\"><\/i>  Bolo entregue diariamente<\/li>\n<\/ul>\n<a class=\"nectar-button n-sc-button large accent-color has-icon regular-button\"  href=\"#\" data-color-override=\"false\" data-hover-color-override=\"false\" data-hover-text-color-override=\"#fff\"><span>Sign Up Now<\/span><i class=\"icon-button-arrow\"><\/i><\/a>[\/pricing_column][\/pricing_table][\/vc_column][\/vc_row][vc_row type=&#8221;full_width_background&#8221; bg_position=&#8221;left top&#8221; bg_repeat=&#8221;no-repeat&#8221; parallax_bg_speed=&#8221;slow&#8221; scene_position=&#8221;center&#8221; text_color=&#8221;dark&#8221; text_align=&#8221;left&#8221; bottom_padding=&#8221;4%&#8221;][vc_column width=&#8221;1\/2&#8243;][vc_column_text]\n<h4>H\u00e1 mais planos?<\/h4>\n[\/vc_column_text][divider line_type=&#8221;No Line&#8221; custom_height=&#8221;15&#8243;][vc_column_text]Lorem ipsum dolor senta-se amet, consectetur adipiscing elit. Donec porta, mi ut facilisis ullamcorper, magna risus vehicula augue, eget faucibus magna massa at justo. Nulla a arcu massa hendrerit varius id vitae augue. Sed quis augue ut eros tincidunt hendrerit eu eget nisl. Duis malesuada vehicula massa.[\/vc_column_text][\/vc_column][vc_column width=&#8221;1\/2&#8243;][vc_column_text]\n<h4>Descontos do Plano<\/h4>\n[\/vc_column_text][divider line_type=&#8221;No Line&#8221; custom_height=&#8221;15&#8243;][vc_column_text]Lorem ipsum dolor senta-se amet, consectetur adipiscing elit. Donec porta, mi ut facilisis ullamcorper, magna risus vehicula augue, eget faucibus magna massa at justo. Nulla a arcu massa hendrerit varius id vitae augue. Sed quis augue ut eros tincidunt hendrerit eu eget nisl. Duis malesuada vehicula massa.[\/vc_column_text][\/vc_column][\/vc_row][vc_row type=&#8221;in_container&#8221; bg_position=&#8221;left top&#8221; bg_repeat=&#8221;no-repeat&#8221; parallax_bg_speed=&#8221;slow&#8221; scene_position=&#8221;center&#8221; text_color=&#8221;dark&#8221; text_align=&#8221;left&#8221; bottom_padding=&#8221;7%&#8221;][vc_column width=&#8221;1\/2&#8243;][vc_column_text]\n<h4>Ativa\u00e7\u00e3o de conta<\/h4>\n[\/vc_column_text][divider line_type=&#8221;No Line&#8221; custom_height=&#8221;15&#8243;][vc_column_text]Lorem ipsum dolor senta-se amet, consectetur adipiscing elit. Donec porta, mi ut facilisis ullamcorper, magna risus vehicula augue, eget faucibus magna massa at justo. Nulla a arcu massa hendrerit varius id vitae augue. Sed quis augue ut eros tincidunt hendrerit eu eget nisl. Duis malesuada vehicula massa.[\/vc_column_text][\/vc_column][vc_column width=&#8221;1\/2&#8243;][vc_column_text]\n<h4>Processo de Cancelamento<\/h4>\n[\/vc_column_text][divider line_type=&#8221;No Line&#8221; custom_height=&#8221;15&#8243;][vc_column_text]Lorem ipsum dolor senta-se amet, consectetur adipiscing elit. Donec porta, mi ut facilisis ullamcorper, magna risus vehicula augue, eget faucibus magna massa at justo. Nulla a arcu massa hendrerit varius id vitae augue. Sed quis augue ut eros tincidunt hendrerit eu eget nisl. Duis malesuada vehicula massa.[\/vc_column_text][\/vc_column][\/vc_row][vc_row type=&#8221;full_width_content&#8221; bg_position=&#8221;left top&#8221; bg_repeat=&#8221;no-repeat&#8221; parallax_bg_speed=&#8221;slow&#8221; scene_position=&#8221;center&#8221; text_color=&#8221;light&#8221; text_align=&#8221;left&#8221;][vc_column width=&#8221;1\/1&#8243; animation=&#8221;none&#8221; column_padding=&#8221;padding-10-percent&#8221; column_padding_position=&#8221;all&#8221; background_color=&#8221;#a65bf4&#8243; background_color_opacity=&#8221;0.9&#8243; column_link=&#8221;http:\/\/themeforest.net\/item\/salient-responsive-multipurpose-theme\/4363266&#8243; background_color_hover=&#8221;#a65bf4&#8243; background_hover_color_opacity=&#8221;0.9&#8243; background_image=&#8221;5275&#8243;][morphing_outline border_thickness=&#8221;11&#8243; starting_color=&#8221;#ffffff&#8221; hover_color=&#8221;#ffffff&#8221;]\n<h5><i>J\u00e1 apaixonado<\/i><\/h5>\n<h2>Compra<\/h2>\n[\/morphing_outline][\/vc_column][\/vc_row]\n","protected":false},"excerpt":{"rendered":"<p>[vc_row type=&#8221;full_width_background&#8221; bg_position=&#8221;left top&#8221; bg_repeat=&#8221;no-repeat&#8221; parallax_bg_speed=&#8221;slow&#8221; scene_position=&#8221;center&#8221; text_color=&#8221;dark&#8221; text_align=&#8221;left&#8221; top_padding=&#8221;4%&#8221; bottom_padding=&#8221;7%&#8221;][vc_column width=&#8221;1\/1&#8243;][pricing_table columns=&#8221;3&#8243; style=&#8221;flat-alternative&#8221;][pricing_column title=&#8221;Gr\u00e1tis&#8221; price=&#8221;0.00&#8243; currency_symbol=&#8221;$&#8221; interval=&#8221;Por m\u00eas&#8221; id=&#8221;1435950853864-5&#8243; tab_id=&#8221;1435950853865-3&#8243; color=&#8221;Extra-Color-1&#8243;] Dom\u00ednio personalizado Apoio ao Cliente 24\/7 M\u00eas de&#8230;<\/p>\n","protected":false},"author":2,"featured_media":0,"parent":0,"menu_order":0,"comment_status":"open","ping_status":"closed","template":"","meta":{"footnotes":""},"class_list":["post-6149","page","type-page","status-publish"],"yoast_head":"<!-- This site is optimized with the Yoast SEO plugin v27.5 - https:\/\/yoast.com\/product\/yoast-seo-wordpress\/ -->\n<title>Pre\u00e7os - Icerock Sports Consulting<\/title>\n<meta name=\"robots\" content=\"index, follow, max-snippet:-1, max-image-preview:large, max-video-preview:-1\" \/>\n<link rel=\"canonical\" href=\"https:\/\/www.icerock-sportsconsulting.com\/index.php\/precos\/?lang=pt-pt\" \/>\n<meta property=\"og:locale\" content=\"en_US\" \/>\n<meta property=\"og:type\" content=\"article\" \/>\n<meta property=\"og:title\" content=\"Pre\u00e7os - Icerock Sports Consulting\" \/>\n<meta property=\"og:description\" content=\"[vc_row type=&#8221;full_width_background&#8221; bg_position=&#8221;left top&#8221; bg_repeat=&#8221;no-repeat&#8221; parallax_bg_speed=&#8221;slow&amp;#8\" \/>\n<meta property=\"og:url\" content=\"https:\/\/www.icerock-sportsconsulting.com\/index.php\/precos\/?lang=pt-pt\" \/>\n<meta property=\"og:site_name\" content=\"Icerock Sports Consulting\" \/>\n<meta property=\"article:publisher\" content=\"https:\/\/www.icerock-sportsconsulting.com\" \/>\n<meta property=\"article:modified_time\" content=\"2021-03-29T22:01:13+00:00\" \/>\n<meta name=\"twitter:card\" content=\"summary_large_image\" \/>\n<meta name=\"twitter:label1\" content=\"Est. reading time\" \/>\n\t<meta name=\"twitter:data1\" content=\"4 minutes\" \/>\n<script type=\"application\/ld+json\" class=\"yoast-schema-graph\">{\"@context\":\"https:\\\/\\\/schema.org\",\"@graph\":[{\"@type\":\"WebPage\",\"@id\":\"https:\\\/\\\/www.icerock-sportsconsulting.com\\\/index.php\\\/precos\\\/?lang=pt-pt\",\"url\":\"https:\\\/\\\/www.icerock-sportsconsulting.com\\\/index.php\\\/precos\\\/?lang=pt-pt\",\"name\":\"Pre\u00e7os - Icerock Sports Consulting\",\"isPartOf\":{\"@id\":\"https:\\\/\\\/www.icerock-sportsconsulting.com\\\/#website\"},\"datePublished\":\"2021-03-29T22:00:45+00:00\",\"dateModified\":\"2021-03-29T22:01:13+00:00\",\"breadcrumb\":{\"@id\":\"https:\\\/\\\/www.icerock-sportsconsulting.com\\\/index.php\\\/precos\\\/?lang=pt-pt#breadcrumb\"},\"inLanguage\":\"en-US\",\"potentialAction\":[{\"@type\":\"ReadAction\",\"target\":[\"https:\\\/\\\/www.icerock-sportsconsulting.com\\\/index.php\\\/precos\\\/?lang=pt-pt\"]}]},{\"@type\":\"BreadcrumbList\",\"@id\":\"https:\\\/\\\/www.icerock-sportsconsulting.com\\\/index.php\\\/precos\\\/?lang=pt-pt#breadcrumb\",\"itemListElement\":[{\"@type\":\"ListItem\",\"position\":1,\"name\":\"Home\",\"item\":\"https:\\\/\\\/www.icerock-sportsconsulting.com\\\/\"},{\"@type\":\"ListItem\",\"position\":2,\"name\":\"Pre\u00e7os\"}]},{\"@type\":\"WebSite\",\"@id\":\"https:\\\/\\\/www.icerock-sportsconsulting.com\\\/#website\",\"url\":\"https:\\\/\\\/www.icerock-sportsconsulting.com\\\/\",\"name\":\"Icerock Sports Consulting\",\"description\":\"Let&#039;s Play\",\"publisher\":{\"@id\":\"https:\\\/\\\/www.icerock-sportsconsulting.com\\\/#organization\"},\"potentialAction\":[{\"@type\":\"SearchAction\",\"target\":{\"@type\":\"EntryPoint\",\"urlTemplate\":\"https:\\\/\\\/www.icerock-sportsconsulting.com\\\/?s={search_term_string}\"},\"query-input\":{\"@type\":\"PropertyValueSpecification\",\"valueRequired\":true,\"valueName\":\"search_term_string\"}}],\"inLanguage\":\"en-US\"},{\"@type\":\"Organization\",\"@id\":\"https:\\\/\\\/www.icerock-sportsconsulting.com\\\/#organization\",\"name\":\"Icerock Sports Consulting\",\"url\":\"https:\\\/\\\/www.icerock-sportsconsulting.com\\\/\",\"logo\":{\"@type\":\"ImageObject\",\"inLanguage\":\"en-US\",\"@id\":\"https:\\\/\\\/www.icerock-sportsconsulting.com\\\/#\\\/schema\\\/logo\\\/image\\\/\",\"url\":\"https:\\\/\\\/mlxebvuhobdq.i.optimole.com\\\/q6PrRyw._q7A~36dc8\\\/w:200\\\/h:57\\\/q:90\\\/https:\\\/\\\/www.icerock-sportsconsulting.com\\\/wp-content\\\/uploads\\\/2021\\\/04\\\/Asset-1-2-e1619806438924.png\",\"contentUrl\":\"https:\\\/\\\/mlxebvuhobdq.i.optimole.com\\\/q6PrRyw._q7A~36dc8\\\/w:200\\\/h:57\\\/q:90\\\/https:\\\/\\\/www.icerock-sportsconsulting.com\\\/wp-content\\\/uploads\\\/2021\\\/04\\\/Asset-1-2-e1619806438924.png\",\"width\":200,\"height\":57,\"caption\":\"Icerock Sports Consulting\"},\"image\":{\"@id\":\"https:\\\/\\\/www.icerock-sportsconsulting.com\\\/#\\\/schema\\\/logo\\\/image\\\/\"},\"sameAs\":[\"https:\\\/\\\/www.icerock-sportsconsulting.com\",\"https:\\\/\\\/www.instagram.com\\\/icerock_sports\\\/\",\"https:\\\/\\\/www.linkedin.com\\\/company\\\/icerock-sports-consulting\"]}]}<\/script>\n<!-- \/ Yoast SEO plugin. -->","yoast_head_json":{"title":"Pre\u00e7os - Icerock Sports Consulting","robots":{"index":"index","follow":"follow","max-snippet":"max-snippet:-1","max-image-preview":"max-image-preview:large","max-video-preview":"max-video-preview:-1"},"canonical":"https:\/\/www.icerock-sportsconsulting.com\/index.php\/precos\/?lang=pt-pt","og_locale":"en_US","og_type":"article","og_title":"Pre\u00e7os - Icerock Sports Consulting","og_description":"[vc_row type=&#8221;full_width_background&#8221; bg_position=&#8221;left top&#8221; bg_repeat=&#8221;no-repeat&#8221; parallax_bg_speed=&#8221;slow&#8","og_url":"https:\/\/www.icerock-sportsconsulting.com\/index.php\/precos\/?lang=pt-pt","og_site_name":"Icerock Sports Consulting","article_publisher":"https:\/\/www.icerock-sportsconsulting.com","article_modified_time":"2021-03-29T22:01:13+00:00","twitter_card":"summary_large_image","twitter_misc":{"Est. reading time":"4 minutes"},"schema":{"@context":"https:\/\/schema.org","@graph":[{"@type":"WebPage","@id":"https:\/\/www.icerock-sportsconsulting.com\/index.php\/precos\/?lang=pt-pt","url":"https:\/\/www.icerock-sportsconsulting.com\/index.php\/precos\/?lang=pt-pt","name":"Pre\u00e7os - Icerock Sports Consulting","isPartOf":{"@id":"https:\/\/www.icerock-sportsconsulting.com\/#website"},"datePublished":"2021-03-29T22:00:45+00:00","dateModified":"2021-03-29T22:01:13+00:00","breadcrumb":{"@id":"https:\/\/www.icerock-sportsconsulting.com\/index.php\/precos\/?lang=pt-pt#breadcrumb"},"inLanguage":"en-US","potentialAction":[{"@type":"ReadAction","target":["https:\/\/www.icerock-sportsconsulting.com\/index.php\/precos\/?lang=pt-pt"]}]},{"@type":"BreadcrumbList","@id":"https:\/\/www.icerock-sportsconsulting.com\/index.php\/precos\/?lang=pt-pt#breadcrumb","itemListElement":[{"@type":"ListItem","position":1,"name":"Home","item":"https:\/\/www.icerock-sportsconsulting.com\/"},{"@type":"ListItem","position":2,"name":"Pre\u00e7os"}]},{"@type":"WebSite","@id":"https:\/\/www.icerock-sportsconsulting.com\/#website","url":"https:\/\/www.icerock-sportsconsulting.com\/","name":"Icerock Sports Consulting","description":"Let&#039;s Play","publisher":{"@id":"https:\/\/www.icerock-sportsconsulting.com\/#organization"},"potentialAction":[{"@type":"SearchAction","target":{"@type":"EntryPoint","urlTemplate":"https:\/\/www.icerock-sportsconsulting.com\/?s={search_term_string}"},"query-input":{"@type":"PropertyValueSpecification","valueRequired":true,"valueName":"search_term_string"}}],"inLanguage":"en-US"},{"@type":"Organization","@id":"https:\/\/www.icerock-sportsconsulting.com\/#organization","name":"Icerock Sports Consulting","url":"https:\/\/www.icerock-sportsconsulting.com\/","logo":{"@type":"ImageObject","inLanguage":"en-US","@id":"https:\/\/www.icerock-sportsconsulting.com\/#\/schema\/logo\/image\/","url":"https:\/\/mlxebvuhobdq.i.optimole.com\/q6PrRyw._q7A~36dc8\/w:200\/h:57\/q:90\/https:\/\/www.icerock-sportsconsulting.com\/wp-content\/uploads\/2021\/04\/Asset-1-2-e1619806438924.png","contentUrl":"https:\/\/mlxebvuhobdq.i.optimole.com\/q6PrRyw._q7A~36dc8\/w:200\/h:57\/q:90\/https:\/\/www.icerock-sportsconsulting.com\/wp-content\/uploads\/2021\/04\/Asset-1-2-e1619806438924.png","width":200,"height":57,"caption":"Icerock Sports Consulting"},"image":{"@id":"https:\/\/www.icerock-sportsconsulting.com\/#\/schema\/logo\/image\/"},"sameAs":["https:\/\/www.icerock-sportsconsulting.com","https:\/\/www.instagram.com\/icerock_sports\/","https:\/\/www.linkedin.com\/company\/icerock-sports-consulting"]}]}},"_links":{"self":[{"href":"https:\/\/www.icerock-sportsconsulting.com\/index.php\/wp-json\/wp\/v2\/pages\/6149","targetHints":{"allow":["GET"]}}],"collection":[{"href":"https:\/\/www.icerock-sportsconsulting.com\/index.php\/wp-json\/wp\/v2\/pages"}],"about":[{"href":"https:\/\/www.icerock-sportsconsulting.com\/index.php\/wp-json\/wp\/v2\/types\/page"}],"author":[{"embeddable":true,"href":"https:\/\/www.icerock-sportsconsulting.com\/index.php\/wp-json\/wp\/v2\/users\/2"}],"replies":[{"embeddable":true,"href":"https:\/\/www.icerock-sportsconsulting.com\/index.php\/wp-json\/wp\/v2\/comments?post=6149"}],"version-history":[{"count":0,"href":"https:\/\/www.icerock-sportsconsulting.com\/index.php\/wp-json\/wp\/v2\/pages\/6149\/revisions"}],"wp:attachment":[{"href":"https:\/\/www.icerock-sportsconsulting.com\/index.php\/wp-json\/wp\/v2\/media?parent=6149"}],"curies":[{"name":"wp","href":"https:\/\/api.w.org\/{rel}","templated":true}]}}